{"id":63,"date":"2014-12-17T12:13:37","date_gmt":"2014-12-17T11:13:37","guid":{"rendered":"http:\/\/demo.semcona.de\/?page_id=63"},"modified":"2025-02-20T21:29:05","modified_gmt":"2025-02-20T20:29:05","slug":"mini-und-kinderfunken","status":"publish","type":"page","link":"https:\/\/konfetti-badmuskau.de\/1\/unser-verein\/mini-und-kinderfunken\/","title":{"rendered":"Unsere Mini- und Kinderfunken"},"content":{"rendered":"<p>[et_pb_section fb_built=&#8220;1&#8243; next_background_color=&#8220;#ffffff&#8220; _builder_version=&#8220;4.27.4&#8243; _module_preset=&#8220;default&#8220; background_color=&#8220;#efefef&#8220; bottom_divider_style=&#8220;waves2&#8243; bottom_divider_height=&#8220;50px&#8220; global_colors_info=&#8220;{}&#8220;][et_pb_row _builder_version=&#8220;4.27.4&#8243; _module_preset=&#8220;default&#8220; global_colors_info=&#8220;{}&#8220;][et_pb_column type=&#8220;4_4&#8243; _builder_version=&#8220;4.27.4&#8243; _module_preset=&#8220;default&#8220; global_colors_info=&#8220;{}&#8220;][et_pb_text _builder_version=&#8220;4.27.4&#8243; _module_preset=&#8220;default&#8220; text_orientation=&#8220;center&#8220; global_colors_info=&#8220;{}&#8220;]<\/p>\n<h1>Unsere Mini- und Kinderfunken<\/h1>\n<p>[\/et_pb_text][\/et_pb_column][\/et_pb_row][\/et_pb_section][et_pb_section fb_built=&#8220;1&#8243; _builder_version=&#8220;4.27.4&#8243; background_enable_color=&#8220;off&#8220; bottom_divider_height=&#8220;50px&#8220; global_colors_info=&#8220;{}&#8220;][et_pb_row _builder_version=&#8220;4.27.4&#8243; _module_preset=&#8220;default&#8220; global_colors_info=&#8220;{}&#8220;][et_pb_column type=&#8220;4_4&#8243; _builder_version=&#8220;4.27.4&#8243; _module_preset=&#8220;default&#8220; global_colors_info=&#8220;{}&#8220;][et_pb_code _builder_version=&#8220;4.27.4&#8243; _module_preset=&#8220;default&#8220; global_colors_info=&#8220;{}&#8220;]<span><span><a href=\"https:\/\/konfetti-badmuskau.de\/1\/\"><span class=\"nav-icon\"><\/span><\/a><\/span><\/span>[\/et_pb_code][\/et_pb_column][\/et_pb_row][et_pb_row _builder_version=&#8220;4.27.4&#8243; _module_preset=&#8220;default&#8220; global_colors_info=&#8220;{}&#8220;][et_pb_column type=&#8220;4_4&#8243; _builder_version=&#8220;4.27.4&#8243; _module_preset=&#8220;default&#8220; global_colors_info=&#8220;{}&#8220;][et_pb_text _builder_version=&#8220;4.27.4&#8243; _module_preset=&#8220;default&#8220; global_colors_info=&#8220;{}&#8220;]<\/p>\n<h2>Unsere J\u00fcngsten im Verein \u2013<\/h2>\n<h2>Die Nachwuchsgarden des Elferrates Bad Muskau e. V.<\/h2>\n<p>&nbsp;<\/p>\n<p>Mit der Er\u00f6ffnung des neu erbauten Lindenhofes im Jahr 1993 und damit zur 39. Karnevalssaison entschloss sich der Elferrat Bad Muskau e. V.,eine Kinderfunkengarde zu gr\u00fcnden.<\/p>\n<p>Die damals vier- bis elfj\u00e4hrigen M\u00e4dchen wurden in den ersten Jahren durch Frauen von Elferratsm\u00e4nnern trainiert. So entstanden die ersten Gardem\u00e4rsche und Showt\u00e4nze. Mit viel Liebe und Geduld probten die Frauen mit den Kleinen und statteten Sie mit Ihren ersten Kost\u00fcmen aus, welche die M\u00e4dels voller Stolz trugen.<\/p>\n<p>In der 52. Saison waren es 23 Kinder, welche das Publikum mit ihrem kindlichen Charme begeisterten. Auf Grund dieser hohen Anzahl wurde zur Vorbereitung auf die 53. Saison noch einmal eine Trennung vorgenommen und die Minifunkengarde gegr\u00fcndet.<\/p>\n<p>Jede Nachwuchsgarde erh\u00e4lt ein dem Alter entsprechendes Training, welches seit 1996 durch ehemalige Funken und junge Damen der gro\u00dfen Garde durchgef\u00fchrt wird.<\/p>\n<p>Seit 2001 leitete Manja Tsch\u00e4pel den Tanznachwuchs des Elferrates, mit stets starken Nerven, viel Fantasie und Kreativit\u00e4t. Seit der 61. Saison haben Sophia K\u00f6nig und Sarah Tsch\u00e4pel diese Aufgabe \u00fcbernommen. Manja arbeitet jedoch flei\u00dfig im Hintergrund weiter, bespielsweise beim N\u00e4hen der Kost\u00fcme f\u00fcr die kleinen T\u00e4nzer.<\/p>\n<p>In jeder Saison werden f\u00fcr jede Gruppe ein Gardetanz, welcher gemeinsam aufgef\u00fchrt wird, und ein dem Motto entsprechender Showtanz vorbereitet, welche unsere J\u00fcngsten noch mit viel Lampenfieber, aber genauso viel Spa\u00df unserem Publikum vorf\u00fchren. Auch \u00fcber Auftritte beim Stadt- oder Adventsfest in Bad Muskau und bei Familienfeiern konnten sich unsere J\u00fcngsten schon freuen.<\/p>\n<p>Die Uniformen entstanden zur 52. Saison in Eigenarbeit und werden immer wieder erweitert. Die Kost\u00fcme f\u00fcr die j\u00e4hrlichen Showt\u00e4nze werden mit Hilfe von flei\u00dfigen Muttis mit viel Liebe und Hingabe angefertigt.<\/p>\n<p>Die Mini- und Kiddiegarde besteht derzeit aus 25 M\u00e4dchen und einem Jungen, im Alter von 6 bis 13 Jahren.<\/p>\n<p>[\/et_pb_text][et_pb_image src=&#8220;https:\/\/konfetti-badmuskau.de\/1\/wp-content\/uploads\/2025\/02\/Kinderfunkengarde-2025.jpg&#8220; _builder_version=&#8220;4.27.4&#8243; _module_preset=&#8220;default&#8220; title_text=&#8220;Kinderfunkengarde-2025&#8243; hover_enabled=&#8220;0&#8243; sticky_enabled=&#8220;0&#8243;][\/et_pb_image][\/et_pb_column][\/et_pb_row][et_pb_row _builder_version=&#8220;4.27.4&#8243; _module_preset=&#8220;default&#8220; global_colors_info=&#8220;{}&#8220;][et_pb_column type=&#8220;4_4&#8243; _builder_version=&#8220;4.27.4&#8243; _module_preset=&#8220;default&#8220; global_colors_info=&#8220;{}&#8220;][et_pb_image alt=&#8220;Kinderfunken Elferrat Bad Muskau EBM&#8220; title_text=&#8220;Kinderfunken&#8220; _builder_version=&#8220;4.27.4&#8243; _module_preset=&#8220;default&#8220; global_colors_info=&#8220;{}&#8220;][\/et_pb_image][\/et_pb_column][\/et_pb_row][\/et_pb_section]<\/p>\n","protected":false},"excerpt":{"rendered":"<p>Unsere Mini- und Kinderfunken<span><span><a href=\"https:\/\/konfetti-badmuskau.de\/1\/\"><span class=\"nav-icon\"><\/span><\/a><\/span><\/span>Unsere J\u00fcngsten im Verein \u2013 Die Nachwuchsgarden des Elferrates Bad Muskau e. V. &nbsp; Mit der Er\u00f6ffnung des neu erbauten Lindenhofes im Jahr 1993 und damit zur 39. Karnevalssaison entschloss sich der Elferrat Bad Muskau e. V.,eine Kinderfunkengarde zu gr\u00fcnden. Die damals vier- bis elfj\u00e4hrigen M\u00e4dchen wurden in den ersten Jahren durch [&hellip;]<\/p>\n","protected":false},"author":1,"featured_media":0,"parent":16,"menu_order":0,"comment_status":"closed","ping_status":"closed","template":"","meta":{"_et_pb_use_builder":"on","_et_pb_old_content":"<h2>Unsere J\u00fcngsten im Verein - Die Nachwuchsgarden des Elferrates Bad Muskau e. V.<\/h2>\r\nMit der Er\u00f6ffnung des neu erbauten Lindenhofes im Jahr 1993 und damit zur 39. Karnevalssaison entschloss sich der Elferrat Bad Muskau e. V.,eine Kinderfunkengarde zu gr\u00fcnden.\r\n\r\nDie damals vier- bis elfj\u00e4hrigen M\u00e4dchen wurden in den ersten Jahren durch Frauen von Elferratsm\u00e4nnern trainiert. So entstanden die ersten Gardem\u00e4rsche und Showt\u00e4nze. Mit viel Liebe und Geduld probten die Frauen mit den Kleinen und statteten Sie mit Ihren ersten Kost\u00fcmen aus, welche die M\u00e4dels voller Stolz trugen.\r\n\r\nIn der 52. Saison waren es 23 Kinder, welche das Publikum mit ihrem kindlichen Charme begeisterten. Auf Grund dieser hohen Anzahl wurde zur Vorbereitung auf die 53. Saison noch einmal eine Trennung vorgenommen und die Minifunkengarde gegr\u00fcndet.\r\n\r\nJede Nachwuchsgarde erh\u00e4lt ein dem Alter entsprechendes Training, welches seit 1996 durch ehemalige Funken und junge Damen der gro\u00dfen Garde durchgef\u00fchrt wird.\r\n\r\nSeit 2001 leitete Manja Tsch\u00e4pel den Tanznachwuchs des Elferrates, mit stets starken Nerven, viel Fantasie und Kreativit\u00e4t. Seit der 61. Saison haben Sophia K\u00f6nig und Sarah Tsch\u00e4pel diese Aufgabe \u00fcbernommen. Manja arbeitet jedoch flei\u00dfig im Hintergrund weiter, bespielsweise beim N\u00e4hen der Kost\u00fcme f\u00fcr die kleinen T\u00e4nzer.\r\n\r\nIn jeder Saison werden f\u00fcr jede Gruppe ein Gardetanz, welcher gemeinsam aufgef\u00fchrt wird, und ein dem Motto entsprechender Showtanz vorbereitet, welche unsere J\u00fcngsten noch mit viel Lampenfieber, aber genauso viel Spa\u00df unserem Publikum vorf\u00fchren. Auch \u00fcber Auftritte beim Stadt- oder Adventsfest in Bad Muskau und bei Familienfeiern konnten sich unsere J\u00fcngsten schon freuen.\r\n\r\nDie Uniformen entstanden zur 52. Saison in Eigenarbeit und werden immer wieder erweitert. Die Kost\u00fcme f\u00fcr die j\u00e4hrlichen Showt\u00e4nze werden mit Hilfe von flei\u00dfigen Muttis mit viel Liebe und Hingabe angefertigt.\r\n\r\n[caption id=\"attachment_3285\" align=\"aligncenter\" width=\"1024\"]<a href=\"http:\/\/konfetti-badmuskau.de\/1\/wp-content\/uploads\/2019\/03\/Kinderfunken.jpg\"><img class=\"wp-image-3285 size-large\" src=\"http:\/\/konfetti-badmuskau.de\/1\/wp-content\/uploads\/2019\/03\/Kinderfunken-1024x576.jpg\" alt=\"\" width=\"1024\" height=\"576\" \/><\/a> Kinderfunken[\/caption]\r\n\r\n\u00a0\r\n\r\n\u00a0","_et_gb_content_width":"","footnotes":""},"folder":[407],"class_list":["post-63","page","type-page","status-publish","hentry"],"_links":{"self":[{"href":"https:\/\/konfetti-badmuskau.de\/1\/wp-json\/wp\/v2\/pages\/63","targetHints":{"allow":["GET"]}}],"collection":[{"href":"https:\/\/konfetti-badmuskau.de\/1\/wp-json\/wp\/v2\/pages"}],"about":[{"href":"https:\/\/konfetti-badmuskau.de\/1\/wp-json\/wp\/v2\/types\/page"}],"author":[{"embeddable":true,"href":"https:\/\/konfetti-badmuskau.de\/1\/wp-json\/wp\/v2\/users\/1"}],"replies":[{"embeddable":true,"href":"https:\/\/konfetti-badmuskau.de\/1\/wp-json\/wp\/v2\/comments?post=63"}],"version-history":[{"count":29,"href":"https:\/\/konfetti-badmuskau.de\/1\/wp-json\/wp\/v2\/pages\/63\/revisions"}],"predecessor-version":[{"id":11516,"href":"https:\/\/konfetti-badmuskau.de\/1\/wp-json\/wp\/v2\/pages\/63\/revisions\/11516"}],"up":[{"embeddable":true,"href":"https:\/\/konfetti-badmuskau.de\/1\/wp-json\/wp\/v2\/pages\/16"}],"wp:attachment":[{"href":"https:\/\/konfetti-badmuskau.de\/1\/wp-json\/wp\/v2\/media?parent=63"}],"wp:term":[{"taxonomy":"folder","embeddable":true,"href":"https:\/\/konfetti-badmuskau.de\/1\/wp-json\/wp\/v2\/folder?post=63"}],"curies":[{"name":"wp","href":"https:\/\/api.w.org\/{rel}","templated":true}]}}