{"id":61,"date":"2014-12-17T12:12:24","date_gmt":"2014-12-17T12:12:24","guid":{"rendered":"http:\/\/demo.semcona.de\/?page_id=61"},"modified":"2025-09-09T21:16:00","modified_gmt":"2025-09-09T20:16:00","slug":"unser-maennerballett","status":"publish","type":"page","link":"https:\/\/konfetti-badmuskau.de\/1\/unser-verein\/unser-maennerballett\/","title":{"rendered":"Unser M\u00e4nnerballett"},"content":{"rendered":"<p>[et_pb_section fb_built=&#8220;1&#8243; next_background_color=&#8220;#ffffff&#8220; _builder_version=&#8220;4.27.4&#8243; _module_preset=&#8220;default&#8220; background_color=&#8220;#efefef&#8220; bottom_divider_style=&#8220;waves2&#8243; bottom_divider_height=&#8220;50px&#8220; global_colors_info=&#8220;{}&#8220;][et_pb_row _builder_version=&#8220;4.27.4&#8243; _module_preset=&#8220;default&#8220; global_colors_info=&#8220;{}&#8220;][et_pb_column type=&#8220;4_4&#8243; _builder_version=&#8220;4.27.4&#8243; _module_preset=&#8220;default&#8220; global_colors_info=&#8220;{}&#8220;][et_pb_text _builder_version=&#8220;4.27.4&#8243; _module_preset=&#8220;default&#8220; text_orientation=&#8220;center&#8220; hover_enabled=&#8220;0&#8243; global_colors_info=&#8220;{}&#8220; sticky_enabled=&#8220;0&#8243;]<\/p>\n<h1>Unser M\u00e4nnerballett<\/h1>\n<p>[\/et_pb_text][\/et_pb_column][\/et_pb_row][\/et_pb_section][et_pb_section fb_built=&#8220;1&#8243; _builder_version=&#8220;4.27.4&#8243; background_enable_color=&#8220;off&#8220; bottom_divider_height=&#8220;50px&#8220; global_colors_info=&#8220;{}&#8220;][et_pb_row _builder_version=&#8220;4.27.4&#8243; _module_preset=&#8220;default&#8220; global_colors_info=&#8220;{}&#8220;][et_pb_column type=&#8220;4_4&#8243; _builder_version=&#8220;4.27.4&#8243; _module_preset=&#8220;default&#8220; global_colors_info=&#8220;{}&#8220;][et_pb_code _builder_version=&#8220;4.27.4&#8243; _module_preset=&#8220;default&#8220; global_colors_info=&#8220;{}&#8220;]<span><span><a href=\"https:\/\/konfetti-badmuskau.de\/1\/\"><span class=\"nav-icon\"><\/span><\/a><\/span><\/span>[\/et_pb_code][\/et_pb_column][\/et_pb_row][et_pb_row column_structure=&#8220;1_2,1_2&#8243; _builder_version=&#8220;4.27.4&#8243; _module_preset=&#8220;default&#8220; global_colors_info=&#8220;{}&#8220;][et_pb_column type=&#8220;1_2&#8243; _builder_version=&#8220;4.27.4&#8243; _module_preset=&#8220;default&#8220; global_colors_info=&#8220;{}&#8220;][et_pb_text _builder_version=&#8220;4.27.4&#8243; _module_preset=&#8220;default&#8220; hover_enabled=&#8220;0&#8243; global_colors_info=&#8220;{}&#8220; sticky_enabled=&#8220;0&#8243;]<\/p>\n<p>\u00dcber H\u00f6hen und Tiefen, hat sich seit nunmehr 15 Jahren eine Stammbesetzung von 20 M\u00e4nnern zusammengefunden, die Spa\u00df und Freude am Tanzen haben.<\/p>\n<p>Jedes Jahr aufs Neue sitzen die M\u00e4nner und ihre Trainerin Michaela R\u00f6\u00dfler mit rauchenden K\u00f6pfen zusammen und lassen sich etwas Originelles zum Thema der Saison einfallen, meist kommen die besten Ideen und \u201eLacher\u201c bei den ersten Proben.<\/p>\n<p>Von September bis M\u00e4rz bereiten sich die \u201eElfen\u201c des EBM einmal in der Woche auf die Karnevalssaison vor, um das Publikum unter anderem als \u201eHelden in Strumpfhosen\u201c, Minions, oder flauschige Tiger zu begeistern . Dabei tanzt selbst Michaela, als ehemalige Funke, hin und wieder an der Seite der M\u00e4nner mit.<\/p>\n<p>Unsere Elfen \u2013 sie sind das M\u00e4nnerballett f\u00fcr jeden Anlass!<\/p>\n<p>[\/et_pb_text][\/et_pb_column][et_pb_column type=&#8220;1_2&#8243; _builder_version=&#8220;4.27.4&#8243; _module_preset=&#8220;default&#8220; global_colors_info=&#8220;{}&#8220;][et_pb_image src=&#8220;https:\/\/konfetti-badmuskau.de\/1\/wp-content\/uploads\/2025\/09\/ebm-maennerballett-gruppenbild-68karnevalssaisin.webp&#8220; alt=&#8220;Funkengarde Elferrat Bad Muskau EBM&#8220; title_text=&#8220;ebm-m\u00e4nnerballett-gruppenbild-68karnevalssaisin&#8220; align=&#8220;center&#8220; _builder_version=&#8220;4.27.4&#8243; _module_preset=&#8220;default&#8220; hover_enabled=&#8220;0&#8243; global_colors_info=&#8220;{}&#8220; sticky_enabled=&#8220;0&#8243;][\/et_pb_image][\/et_pb_column][\/et_pb_row][\/et_pb_section]<\/p>\n","protected":false},"excerpt":{"rendered":"<p>Unser M\u00e4nnerballett<span><span><a href=\"https:\/\/konfetti-badmuskau.de\/1\/\"><span class=\"nav-icon\"><\/span><\/a><\/span><\/span>\u00dcber H\u00f6hen und Tiefen, hat sich seit nunmehr 15 Jahren eine Stammbesetzung von 20 M\u00e4nnern zusammengefunden, die Spa\u00df und Freude am Tanzen haben. Jedes Jahr aufs Neue sitzen die M\u00e4nner und ihre Trainerin Michaela R\u00f6\u00dfler mit rauchenden K\u00f6pfen zusammen und lassen sich etwas Originelles zum Thema der Saison einfallen, meist kommen die besten Ideen [&hellip;]<\/p>\n","protected":false},"author":1,"featured_media":0,"parent":16,"menu_order":4,"comment_status":"closed","ping_status":"closed","template":"","meta":{"_et_pb_use_builder":"on","_et_pb_old_content":"<p>\u00dcber H\u00f6hen und Tiefen, hat sich seit nunmehr 5 Jahren eine Stammbesetzung von 12 M\u00e4nnern zusammengefunden, die Spa\u00df und Freude am Tanzen haben.<\/p><p>Jedes Jahr aufs Neue sitzen die M\u00e4nner und ihre Trainerin Michaela R\u00f6\u00dfler mit rauchenden K\u00f6pfen zusammen und lassen sich etwas Originelles zum Thema der Saison einfallen, meist kommen die besten Ideen und \u201eLacher\u201c bei den ersten Proben.<\/p><p>Von September bis M\u00e4rz bereiten sich die \u201eElfen\u201c des EBM einmal in der Woche auf die Karnevalssaison vor, um das Publikum unter anderem als \u201eHelden in Strumpfhosen\u201c, feurige Mexikaner, oder sexy Skihasen zu begeistern . Dabei tanzt selbst Michaela, als ehemalige Funke, hin und wieder an der Seite der M\u00e4nner mit.<\/p><p>Unsere Elfen - sie sind das M\u00e4nnerballett f\u00fcr jeden Anlass!<\/p>[caption id=\"attachment_404\" align=\"aligncenter\" width=\"500\"]<img class=\"wp-image-404 size-full\" src=\"http:\/\/konfetti-badmuskau.de\/1\/wp-content\/uploads\/2015\/01\/Maennerbalett.jpg\" alt=\"Maennerballett\" width=\"500\" height=\"333\" \/> M\u00e4nnerballett EBM[\/caption]","_et_gb_content_width":"","footnotes":""},"folder":[407],"class_list":["post-61","page","type-page","status-publish","hentry"],"_links":{"self":[{"href":"https:\/\/konfetti-badmuskau.de\/1\/wp-json\/wp\/v2\/pages\/61","targetHints":{"allow":["GET"]}}],"collection":[{"href":"https:\/\/konfetti-badmuskau.de\/1\/wp-json\/wp\/v2\/pages"}],"about":[{"href":"https:\/\/konfetti-badmuskau.de\/1\/wp-json\/wp\/v2\/types\/page"}],"author":[{"embeddable":true,"href":"https:\/\/konfetti-badmuskau.de\/1\/wp-json\/wp\/v2\/users\/1"}],"replies":[{"embeddable":true,"href":"https:\/\/konfetti-badmuskau.de\/1\/wp-json\/wp\/v2\/comments?post=61"}],"version-history":[{"count":16,"href":"https:\/\/konfetti-badmuskau.de\/1\/wp-json\/wp\/v2\/pages\/61\/revisions"}],"predecessor-version":[{"id":12565,"href":"https:\/\/konfetti-badmuskau.de\/1\/wp-json\/wp\/v2\/pages\/61\/revisions\/12565"}],"up":[{"embeddable":true,"href":"https:\/\/konfetti-badmuskau.de\/1\/wp-json\/wp\/v2\/pages\/16"}],"wp:attachment":[{"href":"https:\/\/konfetti-badmuskau.de\/1\/wp-json\/wp\/v2\/media?parent=61"}],"wp:term":[{"taxonomy":"folder","embeddable":true,"href":"https:\/\/konfetti-badmuskau.de\/1\/wp-json\/wp\/v2\/folder?post=61"}],"curies":[{"name":"wp","href":"https:\/\/api.w.org\/{rel}","templated":true}]}}