{"id":53,"date":"2014-12-17T11:51:39","date_gmt":"2014-12-17T11:51:39","guid":{"rendered":"http:\/\/demo.semcona.de\/?page_id=53"},"modified":"2025-01-15T13:52:48","modified_gmt":"2025-01-15T12:52:48","slug":"chronik","status":"publish","type":"page","link":"https:\/\/konfetti-badmuskau.de\/1\/chronik\/","title":{"rendered":"Chronik"},"content":{"rendered":"<p>[et_pb_section fb_built=&#8220;1&#8243; next_background_color=&#8220;#ffffff&#8220; _builder_version=&#8220;4.27.4&#8243; _module_preset=&#8220;default&#8220; background_color=&#8220;#efefef&#8220; bottom_divider_style=&#8220;waves2&#8243; bottom_divider_height=&#8220;50px&#8220; global_colors_info=&#8220;{}&#8220;][et_pb_row _builder_version=&#8220;4.27.4&#8243; _module_preset=&#8220;default&#8220; global_colors_info=&#8220;{}&#8220;][et_pb_column type=&#8220;4_4&#8243; _builder_version=&#8220;4.27.4&#8243; _module_preset=&#8220;default&#8220; global_colors_info=&#8220;{}&#8220;][et_pb_text _builder_version=&#8220;4.27.4&#8243; _module_preset=&#8220;default&#8220; text_orientation=&#8220;center&#8220; global_colors_info=&#8220;{}&#8220;]<\/p>\n<h1>Chronik<\/h1>\n<p>[\/et_pb_text][\/et_pb_column][\/et_pb_row][\/et_pb_section][et_pb_section fb_built=&#8220;1&#8243; _builder_version=&#8220;4.27.4&#8243; background_enable_color=&#8220;off&#8220; bottom_divider_height=&#8220;50px&#8220; global_colors_info=&#8220;{}&#8220;][et_pb_row _builder_version=&#8220;4.27.4&#8243; _module_preset=&#8220;default&#8220;][et_pb_column _builder_version=&#8220;4.27.4&#8243; _module_preset=&#8220;default&#8220; type=&#8220;4_4&#8243;][et_pb_code _builder_version=&#8220;4.27.4&#8243; _module_preset=&#8220;default&#8220; hover_enabled=&#8220;0&#8243; sticky_enabled=&#8220;0&#8243;]<span><span><a href=\"https:\/\/konfetti-badmuskau.de\/1\/\"><span class=\"nav-icon\"><\/span><\/a><\/span><\/span>[\/et_pb_code][\/et_pb_column][\/et_pb_row][et_pb_row _builder_version=&#8220;4.27.4&#8243; _module_preset=&#8220;default&#8220; global_colors_info=&#8220;{}&#8220;][et_pb_column type=&#8220;4_4&#8243; _builder_version=&#8220;4.27.4&#8243; _module_preset=&#8220;default&#8220; global_colors_info=&#8220;{}&#8220;][et_pb_text _builder_version=&#8220;4.27.4&#8243; _module_preset=&#8220;default&#8220; global_colors_info=&#8220;{}&#8220;]<\/p>\n<h2>Zun\u00e4chst eine kleine Begriffserkl\u00e4rung \u2013 Was ist eine Chronik?<\/h2>\n<p>Eine Chronik ist eine geschichtliche Darstellung, die die Ereignisse in zeitlicher Reihenfolge geordnet darstellt.<br \/>Chroniken k\u00f6nnen von knappen, reinen Datenlisten bis hin zu ausf\u00fchrlichen Schilderungen f\u00fcr einzelne Jahresereignisse reichen.<\/p>\n<p style=\"text-align: right;\"><em>(Quelle: Wikipedia: http:\/\/de.wikipedia.org\/wiki\/Chronik)<\/em><\/p>\n<p>[\/et_pb_text][et_pb_text _builder_version=&#8220;4.27.4&#8243; _module_preset=&#8220;default&#8220; global_colors_info=&#8220;{}&#8220;]<\/p>\n<p><em>Die Chronik des EBM wird hier bald hinzugef\u00fcgt.<\/em><\/p>\n<p>[\/et_pb_text][\/et_pb_column][\/et_pb_row][et_pb_row column_structure=&#8220;1_2,1_2&#8243; _builder_version=&#8220;4.27.4&#8243; _module_preset=&#8220;default&#8220; global_colors_info=&#8220;{}&#8220;][et_pb_column type=&#8220;1_2&#8243; _builder_version=&#8220;4.27.4&#8243; _module_preset=&#8220;default&#8220; global_colors_info=&#8220;{}&#8220;][et_pb_button button_url=&#8220;@ET-DC@eyJkeW5hbWljIjp0cnVlLCJjb250ZW50IjoicG9zdF9saW5rX3VybF9wYWdlIiwic2V0dGluZ3MiOnsicG9zdF9pZCI6IjE0MyJ9fQ==@&#8220; button_text=&#8220;Zu dem Mottos&#8220; button_alignment=&#8220;center&#8220; module_class=&#8220;btn-rot&#8220; _builder_version=&#8220;4.27.4&#8243; _dynamic_attributes=&#8220;button_url&#8220; _module_preset=&#8220;default&#8220; custom_css_main_element=&#8220;width:100%&#8220; global_colors_info=&#8220;{}&#8220;][\/et_pb_button][\/et_pb_column][et_pb_column type=&#8220;1_2&#8243; _builder_version=&#8220;4.27.4&#8243; _module_preset=&#8220;default&#8220; global_colors_info=&#8220;{}&#8220;][et_pb_button button_url=&#8220;@ET-DC@eyJkeW5hbWljIjp0cnVlLCJjb250ZW50IjoicG9zdF9saW5rX3VybF9wYWdlIiwic2V0dGluZ3MiOnsicG9zdF9pZCI6IjE3OCJ9fQ==@&#8220; button_text=&#8220;Zu den Prinzenpaaren&#8220; button_alignment=&#8220;center&#8220; module_class=&#8220;btn-rot&#8220; _builder_version=&#8220;4.27.4&#8243; _dynamic_attributes=&#8220;button_url&#8220; _module_preset=&#8220;default&#8220; custom_css_main_element=&#8220;width:100%&#8220; global_colors_info=&#8220;{}&#8220;][\/et_pb_button][\/et_pb_column][\/et_pb_row][\/et_pb_section]<\/p>\n","protected":false},"excerpt":{"rendered":"<p>Chronik<span><span><a href=\"https:\/\/konfetti-badmuskau.de\/1\/\"><span class=\"nav-icon\"><\/span><\/a><\/span><\/span>Zun\u00e4chst eine kleine Begriffserkl\u00e4rung \u2013 Was ist eine Chronik? Eine Chronik ist eine geschichtliche Darstellung, die die Ereignisse in zeitlicher Reihenfolge geordnet darstellt.Chroniken k\u00f6nnen von knappen, reinen Datenlisten bis hin zu ausf\u00fchrlichen Schilderungen f\u00fcr einzelne Jahresereignisse reichen. (Quelle: Wikipedia: http:\/\/de.wikipedia.org\/wiki\/Chronik)Die Chronik des EBM wird hier bald hinzugef\u00fcgt.<\/p>\n","protected":false},"author":1,"featured_media":0,"parent":0,"menu_order":2,"comment_status":"closed","ping_status":"closed","template":"","meta":{"_et_pb_use_builder":"on","_et_pb_old_content":"<div id=\"pl-53\"  class=\"panel-layout\" ><div id=\"pg-53-0\"  class=\"panel-grid panel-no-style\" ><div id=\"pgc-53-0-0\"  class=\"panel-grid-cell\"  data-weight=\"1\" ><div id=\"panel-53-0-0-0\" class=\"so-panel widget widget_sow-editor panel-first-child\" data-index=\"0\" data-style=\"{\"background_display\":\"tile\"}\" ><div class=\"so-widget-sow-editor so-widget-sow-editor-base\">\r\n<div class=\"siteorigin-widget-tinymce textwidget\">\r\n\t<p>Zun\u00e4chst eine kleine Begriffserkl\u00e4rung \u2013 Was ist eine Chronik?<\/p>\r\n<p>Eine Chronik ist eine geschichtliche Darstellung, die die Ereignisse in zeitlicher Reihenfolge geordnet darstellt.<br \/> Chroniken k\u00f6nnen von knappen, reinen Datenlisten bis hin zu ausf\u00fchrlichen Schilderungen f\u00fcr einzelne Jahresereignisse reichen.<br \/> <em>(Quelle: Wikipedia: http:\/\/de.wikipedia.org\/wiki\/Chronik)<\/em><\/p>\r\n<p><em><span style=\"color: #993366;\">Die Chronik des EBM wird hier bald hinzugef\u00fcgt.<\/span><\/em><\/p><\/div>\r\n<\/div><\/div><div id=\"panel-53-0-0-1\" class=\"so-panel widget widget_siteorigin-panels-builder panel-last-child\" data-index=\"1\" data-style=\"{\"background_image_attachment\":false,\"background_display\":\"tile\"}\" ><div id=\"pl-w5bd2105af1ec9\"  class=\"panel-layout\" ><div id=\"pg-w5bd2105af1ec9-0\"  class=\"panel-grid panel-no-style\"  data-style=\"{\"id\":\"\",\"class\":\"\",\"cell_class\":\"\",\"row_css\":\"\",\"mobile_css\":\"\",\"bottom_margin\":\"\",\"gutter\":\"\",\"padding\":\"\",\"mobile_padding\":\"\",\"row_stretch\":\"\",\"collapse_behaviour\":\"\",\"collapse_order\":\"\",\"cell_alignment\":\"flex-start\",\"background\":\"\",\"background_image_attachment\":\"0\",\"background_display\":\"tile\",\"border_color\":\"\"}\" ><div id=\"pgc-w5bd2105af1ec9-0-0\"  class=\"panel-grid-cell\"  data-weight=\"0.5\" ><div id=\"panel-w5bd2105af1ec9-0-0-0\" class=\"so-panel widget widget_sow-button panel-first-child panel-last-child\" data-index=\"0\" data-style=\"{\"id\":\"\",\"class\":\"\",\"widget_css\":\"\",\"mobile_css\":\"\",\"margin\":\"\",\"padding\":\"\",\"mobile_padding\":\"\",\"background\":\"\",\"background_image_attachment\":\"0\",\"background_image_attachment_fallback\":\"\",\"background_display\":\"tile\",\"border_color\":\"\",\"font_color\":\"\",\"link_color\":\"\"}\" >[siteorigin_widget class=\"SiteOrigin_Widget_Button_Widget\"]<input type=\"hidden\" value=\"{\"instance\":{\"text\":\"Zu den Mottos\",\"url\":\"post: 143\",\"button_icon\":{\"icon_selected\":\"fontawesome-angle-double-right\",\"icon_color\":\"#ffffff\",\"icon\":0,\"icon_placement\":\"left\",\"so_field_container_state\":\"open\"},\"design\":{\"width\":false,\"width_unit\":\"px\",\"align\":\"center\",\"theme\":\"atom\",\"button_color\":\"#60368c\",\"text_color\":\"#ffffff\",\"hover\":true,\"font\":\"Open Sans\",\"font_size\":\"1\",\"rounding\":\"0.25\",\"padding\":\"1\",\"so_field_container_state\":\"open\"},\"attributes\":{\"id\":\"\",\"classes\":\"\",\"title\":\"\",\"onclick\":\"\",\"rel\":\"\",\"so_field_container_state\":\"closed\"},\"_sow_form_id\":\"5a5907287138b\",\"_sow_form_timestamp\":\"1540493390089\",\"new_window\":false,\"id\":\"sow-button-5320000\",\"option_name\":\"widget_sow-button\"},\"args\":{\"before_widget\":\"<div id=\\\"panel-w5bd2105af1ec9-0-0-0\\\" class=\\\"so-panel widget widget_sow-button panel-first-child panel-last-child\\\" data-index=\\\"0\\\" data-style=\\\"{\"id\":\"\",\"class\":\"\",\"widget_css\":\"\",\"mobile_css\":\"\",\"margin\":\"\",\"padding\":\"\",\"mobile_padding\":\"\",\"background\":\"\",\"background_image_attachment\":\"0\",\"background_image_attachment_fallback\":\"\",\"background_display\":\"tile\",\"border_color\":\"\",\"font_color\":\"\",\"link_color\":\"\"}\\\" >\",\"after_widget\":\"<\\\/div>\",\"before_title\":\"<h3 class=\\\"widget-title\\\">\",\"after_title\":\"<\\\/h3>\",\"widget_id\":\"widget-0-0-0\"}}\" \/>[\/siteorigin_widget]<\/div><\/div><div id=\"pgc-w5bd2105af1ec9-0-1\"  class=\"panel-grid-cell\"  data-weight=\"0.5\" ><div id=\"panel-w5bd2105af1ec9-0-1-0\" class=\"so-panel widget widget_sow-button panel-first-child panel-last-child\" data-index=\"1\" data-style=\"{\"id\":\"\",\"class\":\"\",\"widget_css\":\"\",\"mobile_css\":\"\",\"margin\":\"\",\"padding\":\"\",\"mobile_padding\":\"\",\"background\":\"\",\"background_image_attachment\":\"0\",\"background_image_attachment_fallback\":\"\",\"background_display\":\"tile\",\"border_color\":\"\",\"font_color\":\"\",\"link_color\":\"\"}\" >[siteorigin_widget class=\"SiteOrigin_Widget_Button_Widget\"]<input type=\"hidden\" value=\"{\"instance\":{\"text\":\"Zu unseren Prinzenpaaren\",\"url\":\"post: 178\",\"button_icon\":{\"icon_selected\":\"fontawesome-angle-double-right\",\"icon_color\":\"#ffffff\",\"icon\":0,\"icon_placement\":\"left\",\"so_field_container_state\":\"open\"},\"design\":{\"width\":false,\"width_unit\":\"px\",\"align\":\"center\",\"theme\":\"atom\",\"button_color\":\"#60368c\",\"text_color\":\"#ffffff\",\"hover\":true,\"font\":\"Open Sans\",\"font_size\":\"1\",\"rounding\":\"0.25\",\"padding\":\"1\",\"so_field_container_state\":\"open\"},\"attributes\":{\"id\":\"\",\"classes\":\"\",\"title\":\"\",\"onclick\":\"\",\"rel\":\"\",\"so_field_container_state\":\"closed\"},\"_sow_form_id\":\"5a590776b70c7\",\"_sow_form_timestamp\":\"1540493396666\",\"new_window\":false,\"id\":\"sow-button-5320001\",\"option_name\":\"widget_sow-button\"},\"args\":{\"before_widget\":\"<div id=\\\"panel-w5bd2105af1ec9-0-1-0\\\" class=\\\"so-panel widget widget_sow-button panel-first-child panel-last-child\\\" data-index=\\\"1\\\" data-style=\\\"{\"id\":\"\",\"class\":\"\",\"widget_css\":\"\",\"mobile_css\":\"\",\"margin\":\"\",\"padding\":\"\",\"mobile_padding\":\"\",\"background\":\"\",\"background_image_attachment\":\"0\",\"background_image_attachment_fallback\":\"\",\"background_display\":\"tile\",\"border_color\":\"\",\"font_color\":\"\",\"link_color\":\"\"}\\\" >\",\"after_widget\":\"<\\\/div>\",\"before_title\":\"<h3 class=\\\"widget-title\\\">\",\"after_title\":\"<\\\/h3>\",\"widget_id\":\"widget-0-1-0\"}}\" \/>[\/siteorigin_widget]<\/div><\/div><\/div><\/div><\/div><\/div><\/div><\/div>","_et_gb_content_width":"","footnotes":""},"folder":[428],"class_list":["post-53","page","type-page","status-publish","hentry"],"_links":{"self":[{"href":"https:\/\/konfetti-badmuskau.de\/1\/wp-json\/wp\/v2\/pages\/53","targetHints":{"allow":["GET"]}}],"collection":[{"href":"https:\/\/konfetti-badmuskau.de\/1\/wp-json\/wp\/v2\/pages"}],"about":[{"href":"https:\/\/konfetti-badmuskau.de\/1\/wp-json\/wp\/v2\/types\/page"}],"author":[{"embeddable":true,"href":"https:\/\/konfetti-badmuskau.de\/1\/wp-json\/wp\/v2\/users\/1"}],"replies":[{"embeddable":true,"href":"https:\/\/konfetti-badmuskau.de\/1\/wp-json\/wp\/v2\/comments?post=53"}],"version-history":[{"count":22,"href":"https:\/\/konfetti-badmuskau.de\/1\/wp-json\/wp\/v2\/pages\/53\/revisions"}],"predecessor-version":[{"id":10508,"href":"https:\/\/konfetti-badmuskau.de\/1\/wp-json\/wp\/v2\/pages\/53\/revisions\/10508"}],"wp:attachment":[{"href":"https:\/\/konfetti-badmuskau.de\/1\/wp-json\/wp\/v2\/media?parent=53"}],"wp:term":[{"taxonomy":"folder","embeddable":true,"href":"https:\/\/konfetti-badmuskau.de\/1\/wp-json\/wp\/v2\/folder?post=53"}],"curies":[{"name":"wp","href":"https:\/\/api.w.org\/{rel}","templated":true}]}}