{"id":257,"date":"2015-01-03T18:46:27","date_gmt":"2015-01-03T18:46:27","guid":{"rendered":"http:\/\/demo.semcona.de\/?page_id=257"},"modified":"2025-01-15T15:48:54","modified_gmt":"2025-01-15T14:48:54","slug":"lindenhof","status":"publish","type":"page","link":"https:\/\/konfetti-badmuskau.de\/1\/lindenhof\/","title":{"rendered":"Lindenhof"},"content":{"rendered":"<p>[et_pb_section fb_built=&#8220;1&#8243; next_background_color=&#8220;#ffffff&#8220; _builder_version=&#8220;4.27.4&#8243; _module_preset=&#8220;default&#8220; background_color=&#8220;#efefef&#8220; bottom_divider_style=&#8220;waves2&#8243; bottom_divider_height=&#8220;50px&#8220; global_colors_info=&#8220;{}&#8220;][et_pb_row _builder_version=&#8220;4.27.4&#8243; _module_preset=&#8220;default&#8220; global_colors_info=&#8220;{}&#8220;][et_pb_column type=&#8220;4_4&#8243; _builder_version=&#8220;4.27.4&#8243; _module_preset=&#8220;default&#8220; global_colors_info=&#8220;{}&#8220;][et_pb_text _builder_version=&#8220;4.27.4&#8243; _module_preset=&#8220;default&#8220; text_orientation=&#8220;center&#8220; global_colors_info=&#8220;{}&#8220;]<\/p>\n<h1>Lindenhof<\/h1>\n<p>[\/et_pb_text][\/et_pb_column][\/et_pb_row][\/et_pb_section][et_pb_section fb_built=&#8220;1&#8243; _builder_version=&#8220;4.27.4&#8243; background_enable_color=&#8220;off&#8220; bottom_divider_height=&#8220;50px&#8220; global_colors_info=&#8220;{}&#8220;][et_pb_row _builder_version=&#8220;4.27.4&#8243; _module_preset=&#8220;default&#8220; global_colors_info=&#8220;{}&#8220;][et_pb_column type=&#8220;4_4&#8243; _builder_version=&#8220;4.27.4&#8243; _module_preset=&#8220;default&#8220; global_colors_info=&#8220;{}&#8220;][et_pb_code _builder_version=&#8220;4.27.4&#8243; _module_preset=&#8220;default&#8220; global_colors_info=&#8220;{}&#8220;]<span><span><a href=\"https:\/\/konfetti-badmuskau.de\/1\/\"><span class=\"nav-icon\"><\/span><\/a><\/span><\/span>[\/et_pb_code][\/et_pb_column][\/et_pb_row][et_pb_row column_structure=&#8220;3_5,2_5&#8243; make_equal=&#8220;on&#8220; _builder_version=&#8220;4.27.4&#8243; background_size=&#8220;initial&#8220; background_position=&#8220;top_left&#8220; background_repeat=&#8220;repeat&#8220; global_colors_info=&#8220;{}&#8220;][et_pb_column type=&#8220;3_5&#8243; _builder_version=&#8220;4.16&#8243; custom_padding=&#8220;|||&#8220; global_colors_info=&#8220;{}&#8220; custom_padding__hover=&#8220;|||&#8220;][et_pb_text _builder_version=&#8220;4.27.4&#8243; _module_preset=&#8220;default&#8220; global_colors_info=&#8220;{}&#8220;]Der Lindenhof Bad Muskau ist eines der gr\u00f6\u00dften Veranstaltungsh\u00e4user der Region um Wei\u00dfwasser. Wir bieten die vorhandenen R\u00e4umlichkeiten unterschiedlicher Gr\u00f6\u00dfe zur Vermietung f\u00fcr Veranstaltungen vieler Genres an.<\/p>\n<p>Zur Verf\u00fcgung stehende R\u00e4umlichkeiten inklusive attraktiver Bestuhlung:<\/p>\n<ul>\n<li style=\"list-style-type: none;\">\n<ul>\n<li>Gro\u00dfer Saal f\u00fcr ca. 400 Personen<\/li>\n<li>Kleiner Saal f\u00fcr ca. 50 Personen<\/li>\n<li>Gastst\u00e4tte f\u00fcr ca. 50 Personen<\/li>\n<\/ul>\n<\/li>\n<\/ul>\n<p>[\/et_pb_text][\/et_pb_column][et_pb_column type=&#8220;2_5&#8243; module_class=&#8220;textbox-hellgrau content-vertical-align-center&#8220; _builder_version=&#8220;4.27.4&#8243; custom_padding=&#8220;|||&#8220; global_colors_info=&#8220;{}&#8220; custom_padding__hover=&#8220;|||&#8220;][et_pb_text _builder_version=&#8220;4.27.4&#8243; _module_preset=&#8220;default&#8220; global_colors_info=&#8220;{}&#8220;]<\/p>\n<h2>Ansprechpartner<\/h2>\n<p>&nbsp;<br \/>\nStephan Enax<br \/>\n<span class=\"icon-phone\">Tel.: 035771\/ 50220<\/span><br \/>\n<span class=\"icon-mail\">E-Mail: <a href=\"mailto:enax@konfetti-badmuskau.de\">enax [at] konfetti-badmuskau.de<\/a><\/span>[\/et_pb_text][\/et_pb_column][\/et_pb_row][et_pb_row _builder_version=&#8220;4.27.4&#8243; _module_preset=&#8220;default&#8220; global_colors_info=&#8220;{}&#8220;][et_pb_column type=&#8220;4_4&#8243; _builder_version=&#8220;4.27.4&#8243; _module_preset=&#8220;default&#8220; global_colors_info=&#8220;{}&#8220;][et_pb_text _builder_version=&#8220;4.27.4&#8243; _module_preset=&#8220;default&#8220; global_colors_info=&#8220;{}&#8220;]Eine gastronomische Versorgung ist nicht m\u00f6glich; r\u00e4umliche Voraussetzungen daf\u00fcr sowie Garderobe und Sanit\u00e4rbereiche sind aber ausreichend vorhanden. Nutzen Sie die o.g. R\u00e4umlichkeiten f\u00fcr die Organisation von:<\/p>\n<ul>\n<li style=\"list-style-type: none;\">\n<ul>\n<li>Feiern aller Art<\/li>\n<li>Tanzveranstaltungen<\/li>\n<li>Konzerte<\/li>\n<li>Tagungen<\/li>\n<li>Ausstellungen etc.<\/li>\n<\/ul>\n<\/li>\n<\/ul>\n<p>Das Nutzungsentgelt richtet sich individuell nach Art und Dauer der Nutzung der R\u00e4umlichkeiten.<br \/>\nHaben wir Ihr Interesse geweckt, dann melden Sie sich bei uns und lassen sich von den vorhandenen R\u00e4umlichkeiten \u00fcberzeugen.[\/et_pb_text][\/et_pb_column][\/et_pb_row][et_pb_row _builder_version=&#8220;4.27.4&#8243; _module_preset=&#8220;default&#8220; global_colors_info=&#8220;{}&#8220;][et_pb_column type=&#8220;4_4&#8243; _builder_version=&#8220;4.27.4&#8243; _module_preset=&#8220;default&#8220; global_colors_info=&#8220;{}&#8220;][el_dynamic_masonry_gallery gallery_order=&#8220;ASC&#8220; include_categories=&#8220;377&#8243; number_of_columns=&#8220;3&#8243; image_size=&#8220;large&#8220; show_caption=&#8220;on&#8220; enable_lightbox=&#8220;on&#8220; no_gallery_text=&#8220;Keine Galerie gefunden!&#8220; enable_navigation=&#8220;off&#8220; enable_overlay=&#8220;on&#8220; overlay_icon=&#8220;&#x54;||divi||400&#8243; overlay_icon_color=&#8220;#a3001b&#8220; _builder_version=&#8220;4.27.4&#8243; _module_preset=&#8220;default&#8220; hover_enabled=&#8220;0&#8243; global_colors_info=&#8220;{}&#8220; sticky_enabled=&#8220;0&#8243;][\/el_dynamic_masonry_gallery][\/et_pb_column][\/et_pb_row][\/et_pb_section]<\/p>\n","protected":false},"excerpt":{"rendered":"<p>Lindenhof<span><span><a href=\"https:\/\/konfetti-badmuskau.de\/1\/\"><span class=\"nav-icon\"><\/span><\/a><\/span><\/span>Der Lindenhof Bad Muskau ist eines der gr\u00f6\u00dften Veranstaltungsh\u00e4user der Region um Wei\u00dfwasser. Wir bieten die vorhandenen R\u00e4umlichkeiten unterschiedlicher Gr\u00f6\u00dfe zur Vermietung f\u00fcr Veranstaltungen vieler Genres an. Zur Verf\u00fcgung stehende R\u00e4umlichkeiten inklusive attraktiver Bestuhlung: Gro\u00dfer Saal f\u00fcr ca. 400 Personen Kleiner Saal f\u00fcr ca. 50 Personen Gastst\u00e4tte f\u00fcr ca. 50 Personen Ansprechpartner &nbsp; Stephan Enax [&hellip;]<\/p>\n","protected":false},"author":1,"featured_media":0,"parent":0,"menu_order":7,"comment_status":"closed","ping_status":"closed","template":"","meta":{"_et_pb_use_builder":"on","_et_pb_old_content":"Der Lindenhof Bad Muskau ist eines der gr\u00f6\u00dften Veranstaltungsh\u00e4user der Region um Wei\u00dfwasser. Wir bieten die vorhandenen R\u00e4umlichkeiten unterschiedlicher Gr\u00f6\u00dfe zur Vermietung f\u00fcr Veranstaltungen vieler Genres an.\r\n\r\nZur Verf\u00fcgung stehende R\u00e4umlichkeiten inklusive attraktiver Bestuhlung:\r\n<ul>\r\n \t<li style=\"list-style-type: none;\">\r\n<ul>\r\n \t<li>Gro\u00dfer Saal f\u00fcr ca. 400 Personen<\/li>\r\n \t<li>Kleiner Saal f\u00fcr ca. 50 Personen<\/li>\r\n \t<li>Gastst\u00e4tte f\u00fcr ca. 50 Personen<\/li>\r\n<\/ul>\r\n<\/li>\r\n<\/ul>\r\nEine gastronomische Versorgung ist nicht m\u00f6glich; r\u00e4umliche Voraussetzungen daf\u00fcr sowie Garderobe und Sanit\u00e4rbereiche sind aber ausreichend vorhanden. Nutzen Sie die o.g. R\u00e4umlichkeiten f\u00fcr die Organisation von:\r\n<ul>\r\n \t<li style=\"list-style-type: none;\">\r\n<ul>\r\n \t<li>Feiern aller Art<\/li>\r\n \t<li>Tanzveranstaltungen<\/li>\r\n \t<li>Konzerte<\/li>\r\n \t<li>Tagungen<\/li>\r\n \t<li>Ausstellungen etc.<\/li>\r\n<\/ul>\r\n<\/li>\r\n<\/ul>\r\nDas Nutzungsentgelt richtet sich individuell nach Art und Dauer der Nutzung der R\u00e4umlichkeiten.\r\nHaben wir Ihr Interesse geweckt, dann melden Sie sich bei uns und lassen sich von den vorhandenen R\u00e4umlichkeiten \u00fcberzeugen.\r\n\r\n[Best_Wordpress_Gallery id=\"87\" gal_title=\"Lindenhof R\u00e4umlichkeiten\"]\r\n\r\n\u00a0\r\n<h2>Ansprechpartner<\/h2>\r\nStephan Enax\r\nTel.: 035771\/ 50220\r\nE-Mail: <a href=\"mailto:enax@konfetti-badmuskau.de\">enax@konfetti-badmuskau.de<\/a>","_et_gb_content_width":"","footnotes":""},"folder":[428],"class_list":["post-257","page","type-page","status-publish","hentry"],"_links":{"self":[{"href":"https:\/\/konfetti-badmuskau.de\/1\/wp-json\/wp\/v2\/pages\/257","targetHints":{"allow":["GET"]}}],"collection":[{"href":"https:\/\/konfetti-badmuskau.de\/1\/wp-json\/wp\/v2\/pages"}],"about":[{"href":"https:\/\/konfetti-badmuskau.de\/1\/wp-json\/wp\/v2\/types\/page"}],"author":[{"embeddable":true,"href":"https:\/\/konfetti-badmuskau.de\/1\/wp-json\/wp\/v2\/users\/1"}],"replies":[{"embeddable":true,"href":"https:\/\/konfetti-badmuskau.de\/1\/wp-json\/wp\/v2\/comments?post=257"}],"version-history":[{"count":31,"href":"https:\/\/konfetti-badmuskau.de\/1\/wp-json\/wp\/v2\/pages\/257\/revisions"}],"predecessor-version":[{"id":10848,"href":"https:\/\/konfetti-badmuskau.de\/1\/wp-json\/wp\/v2\/pages\/257\/revisions\/10848"}],"wp:attachment":[{"href":"https:\/\/konfetti-badmuskau.de\/1\/wp-json\/wp\/v2\/media?parent=257"}],"wp:term":[{"taxonomy":"folder","embeddable":true,"href":"https:\/\/konfetti-badmuskau.de\/1\/wp-json\/wp\/v2\/folder?post=257"}],"curies":[{"name":"wp","href":"https:\/\/api.w.org\/{rel}","templated":true}]}}