{"id":16,"date":"2014-12-16T11:26:44","date_gmt":"2014-12-16T11:26:44","guid":{"rendered":"http:\/\/demo.semcona.de\/?page_id=16"},"modified":"2025-09-11T16:07:13","modified_gmt":"2025-09-11T15:07:13","slug":"unser-verein","status":"publish","type":"page","link":"https:\/\/konfetti-badmuskau.de\/1\/unser-verein\/","title":{"rendered":"Unser Verein"},"content":{"rendered":"<p>[et_pb_section fb_built=&#8220;1&#8243; next_background_color=&#8220;#ffffff&#8220; _builder_version=&#8220;4.27.4&#8243; _module_preset=&#8220;default&#8220; background_color=&#8220;#efefef&#8220; bottom_divider_style=&#8220;waves2&#8243; bottom_divider_height=&#8220;50px&#8220; global_colors_info=&#8220;{}&#8220;][et_pb_row _builder_version=&#8220;4.27.4&#8243; _module_preset=&#8220;default&#8220; global_colors_info=&#8220;{}&#8220;][et_pb_column type=&#8220;4_4&#8243; _builder_version=&#8220;4.27.4&#8243; _module_preset=&#8220;default&#8220; global_colors_info=&#8220;{}&#8220;][et_pb_text _builder_version=&#8220;4.27.4&#8243; _module_preset=&#8220;default&#8220; text_orientation=&#8220;center&#8220; global_colors_info=&#8220;{}&#8220;]<\/p>\n<h1>Unser Verein<\/h1>\n<p>[\/et_pb_text][\/et_pb_column][\/et_pb_row][\/et_pb_section][et_pb_section fb_built=&#8220;1&#8243; _builder_version=&#8220;4.27.4&#8243; background_enable_color=&#8220;off&#8220; bottom_divider_height=&#8220;50px&#8220; global_colors_info=&#8220;{}&#8220;][et_pb_row _builder_version=&#8220;4.27.4&#8243; _module_preset=&#8220;default&#8220; global_colors_info=&#8220;{}&#8220;][et_pb_column type=&#8220;4_4&#8243; _builder_version=&#8220;4.27.4&#8243; _module_preset=&#8220;default&#8220; global_colors_info=&#8220;{}&#8220;][et_pb_code _builder_version=&#8220;4.27.4&#8243; _module_preset=&#8220;default&#8220; global_colors_info=&#8220;{}&#8220;]<span><span><a href=\"https:\/\/konfetti-badmuskau.de\/1\/\"><span class=\"nav-icon\"><\/span><\/a><\/span><\/span>[\/et_pb_code][\/et_pb_column][\/et_pb_row][et_pb_row _builder_version=&#8220;4.27.4&#8243; _module_preset=&#8220;default&#8220; global_colors_info=&#8220;{}&#8220;][et_pb_column type=&#8220;4_4&#8243; _builder_version=&#8220;4.27.4&#8243; _module_preset=&#8220;default&#8220; global_colors_info=&#8220;{}&#8220;][et_pb_text _builder_version=&#8220;4.27.4&#8243; _module_preset=&#8220;default&#8220; global_colors_info=&#8220;{}&#8220;]<\/p>\n<h2>Der Bad Muskauer Karnevalsverein \u2013 eine gro\u00dfe n\u00e4rrische Familie.<\/h2>\n<p>Jedes Jahr auf`s Neue stellen wir ein buntes Programm auf die Beine, passend zum <a href=\"https:\/\/konfetti-badmuskau.de\/1\/chronik\/mottos\/\">Motto der Saison<\/a>.<br \/>Dies ist nur aufgrund des gro\u00dfen Zusammenhaltes innerhalb des Vereines m\u00f6glich.<\/p>\n<p>Der Mittelpunkt des Elferrates Bad Muskau ist der Lindenhof, der das gesamte Jahr \u00fcber als St\u00e4tte zum Proben, f\u00fcr Veranstaltungen und Vereinskonferenzen dient.<\/p>\n<p>[\/et_pb_text][et_pb_text _builder_version=&#8220;4.27.4&#8243; _module_preset=&#8220;default&#8220; global_colors_info=&#8220;{}&#8220;]<\/p>\n<h3>Unser Vorstand:<\/h3>\n<p>Pr\u00e4sident: Stefan Schmalenberg<br \/>Vizepr\u00e4sident: Ren\u00e9 Koinzer<br \/>Schatzmeister: Steffen K\u00f6nig<\/p>\n<p>[\/et_pb_text][\/et_pb_column][\/et_pb_row][et_pb_row _builder_version=&#8220;4.27.4&#8243; _module_preset=&#8220;default&#8220; global_colors_info=&#8220;{}&#8220;][et_pb_column type=&#8220;4_4&#8243; _builder_version=&#8220;4.27.4&#8243; _module_preset=&#8220;default&#8220; global_colors_info=&#8220;{}&#8220;][et_pb_image src=&#8220;https:\/\/konfetti-badmuskau.de\/1\/wp-content\/uploads\/2025\/02\/Verein-2025.jpg&#8220; alt=&#8220;vereinsfoto Elferrat Bad Muskau EBM&#8220; title_text=&#8220;Verein-2025&#8243; _builder_version=&#8220;4.27.4&#8243; _module_preset=&#8220;default&#8220; global_colors_info=&#8220;{}&#8220;][\/et_pb_image][\/et_pb_column][\/et_pb_row][et_pb_row column_structure=&#8220;1_3,1_3,1_3&#8243; _builder_version=&#8220;4.27.4&#8243; _module_preset=&#8220;default&#8220; global_colors_info=&#8220;{}&#8220;][et_pb_column type=&#8220;1_3&#8243; admin_label=&#8220;elferrat&#8220; _builder_version=&#8220;4.27.4&#8243; _module_preset=&#8220;default&#8220; global_colors_info=&#8220;{}&#8220;][et_pb_image src=&#8220;https:\/\/konfetti-badmuskau.de\/1\/wp-content\/uploads\/2025\/02\/Elferrat-2025.jpg&#8220; alt=&#8220;Elferrat Bad Muskau EBM&#8220; title_text=&#8220;Elferrat-2025&#8243; _builder_version=&#8220;4.27.4&#8243; _module_preset=&#8220;default&#8220; global_colors_info=&#8220;{}&#8220;][\/et_pb_image][et_pb_text _builder_version=&#8220;4.27.4&#8243; _module_preset=&#8220;default&#8220; global_colors_info=&#8220;{}&#8220;]<\/p>\n<h3 style=\"text-align: center;\">Unser Elferrat<\/h3>\n<p style=\"text-align: right;\"><a href=\"https:\/\/konfetti-badmuskau.de\/1\/unser-verein\/unser-elferrat\/\"><em>mehr \u00fcber unseren Elferrat erfahren \u00bb<\/em><\/a><\/p>\n<p>[\/et_pb_text][\/et_pb_column][et_pb_column type=&#8220;1_3&#8243; admin_label=&#8220;prinzengarde&#8220; _builder_version=&#8220;4.27.4&#8243; _module_preset=&#8220;default&#8220; global_colors_info=&#8220;{}&#8220;][\/et_pb_column][et_pb_column type=&#8220;1_3&#8243; admin_label=&#8220;funken&#8220; _builder_version=&#8220;4.27.4&#8243; _module_preset=&#8220;default&#8220; global_colors_info=&#8220;{}&#8220;][\/et_pb_column][\/et_pb_row][et_pb_row column_structure=&#8220;1_3,1_3,1_3&#8243; _builder_version=&#8220;4.27.4&#8243; _module_preset=&#8220;default&#8220; global_colors_info=&#8220;{}&#8220;][et_pb_column type=&#8220;1_3&#8243; admin_label=&#8220;mini-funken&#8220; _builder_version=&#8220;4.27.4&#8243; _module_preset=&#8220;default&#8220; global_colors_info=&#8220;{}&#8220;][et_pb_image src=&#8220;https:\/\/konfetti-badmuskau.de\/1\/wp-content\/uploads\/2025\/02\/Kinderfunkengarde-2025.jpg&#8220; alt=&#8220;Kinderfunken Elferrat Bad Muskau EBM&#8220; title_text=&#8220;Kinderfunkengarde-2025&#8243; _builder_version=&#8220;4.27.4&#8243; _module_preset=&#8220;default&#8220; global_colors_info=&#8220;{}&#8220;][\/et_pb_image][et_pb_text _builder_version=&#8220;4.27.4&#8243; _module_preset=&#8220;default&#8220; global_colors_info=&#8220;{}&#8220;]<\/p>\n<h3 style=\"text-align: center;\">Unsere Mini- &amp; Kinderfunken<\/h3>\n<p style=\"text-align: right;font-size:14px;\"><a href=\"https:\/\/konfetti-badmuskau.de\/1\/unser-verein\/mini-und-kinderfunken\/\"><em>mehr \u00fcber unsere Nachwuchsgarden erfahren \u00bb<\/em><\/a><\/p>\n<p>[\/et_pb_text][\/et_pb_column][et_pb_column type=&#8220;1_3&#8243; admin_label=&#8220;prinzengarde&#8220; _builder_version=&#8220;4.27.4&#8243; _module_preset=&#8220;default&#8220; global_colors_info=&#8220;{}&#8220;][et_pb_image src=&#8220;https:\/\/konfetti-badmuskau.de\/1\/wp-content\/uploads\/2025\/02\/Prinzengarde-2025.jpg&#8220; alt=&#8220;Elferrat Bad Muskau EBM&#8220; title_text=&#8220;Prinzengarde-2025&#8243; _builder_version=&#8220;4.27.4&#8243; _module_preset=&#8220;default&#8220; global_colors_info=&#8220;{}&#8220;][\/et_pb_image][et_pb_text _builder_version=&#8220;4.27.4&#8243; _module_preset=&#8220;default&#8220; hover_enabled=&#8220;0&#8243; global_colors_info=&#8220;{}&#8220; sticky_enabled=&#8220;0&#8243;]<\/p>\n<h3 style=\"text-align: center;\">Unsere Prinzengarde<\/h3>\n<p style=\"text-align: right; font-size: 14px;\"><a href=\"https:\/\/konfetti-badmuskau.de\/1\/unser-verein\/unsere-prinzengarde\/\"><em>mehr \u00fcber unsere Prinzengarde erfahren \u00bb<\/em><\/a><\/p>\n<p>[\/et_pb_text][\/et_pb_column][et_pb_column type=&#8220;1_3&#8243; admin_label=&#8220;funken&#8220; _builder_version=&#8220;4.27.4&#8243; _module_preset=&#8220;default&#8220; global_colors_info=&#8220;{}&#8220;][et_pb_image src=&#8220;https:\/\/konfetti-badmuskau.de\/1\/wp-content\/uploads\/2025\/02\/Funkengarde-2025.jpg&#8220; alt=&#8220;Funkengarde Elferrat Bad Muskau EBM&#8220; title_text=&#8220;Funkengarde 2025&#8243; _builder_version=&#8220;4.27.4&#8243; _module_preset=&#8220;default&#8220; global_colors_info=&#8220;{}&#8220;][\/et_pb_image][et_pb_text _builder_version=&#8220;4.27.4&#8243; _module_preset=&#8220;default&#8220; global_colors_info=&#8220;{}&#8220;]<\/p>\n<h3 style=\"text-align: center;\">Unsere Funkengarde<\/h3>\n<p style=\"text-align: right;font-size:14px;\"><a href=\"https:\/\/konfetti-badmuskau.de\/1\/unser-verein\/unsere-funkengarde\/\"><em>mehr \u00fcber unsere Funkengarde erfahren \u00bb<\/em><\/a><\/p>\n<p>[\/et_pb_text][\/et_pb_column][\/et_pb_row][et_pb_row column_structure=&#8220;1_3,1_3,1_3&#8243; _builder_version=&#8220;4.27.4&#8243; _module_preset=&#8220;default&#8220; global_colors_info=&#8220;{}&#8220;][et_pb_column type=&#8220;1_3&#8243; admin_label=&#8220;mini-funken&#8220; _builder_version=&#8220;4.27.4&#8243; _module_preset=&#8220;default&#8220; global_colors_info=&#8220;{}&#8220;][et_pb_image src=&#8220;https:\/\/konfetti-badmuskau.de\/1\/wp-content\/uploads\/2025\/09\/ebm-maennerballett-gruppenbild-68karnevalssaisin.webp&#8220; alt=&#8220;Kinderfunken Elferrat Bad Muskau EBM&#8220; title_text=&#8220;ebm-m\u00e4nnerballett-gruppenbild-68karnevalssaisin&#8220; _builder_version=&#8220;4.27.4&#8243; _module_preset=&#8220;default&#8220; hover_enabled=&#8220;0&#8243; global_colors_info=&#8220;{}&#8220; sticky_enabled=&#8220;0&#8243;][\/et_pb_image][et_pb_text _builder_version=&#8220;4.27.4&#8243; _module_preset=&#8220;default&#8220; global_colors_info=&#8220;{}&#8220;]<\/p>\n<h3 style=\"text-align: center;\">Unser M\u00e4nnerballett<\/h3>\n<p style=\"text-align: right; font-size: 14px;\"><a href=\"https:\/\/konfetti-badmuskau.de\/1\/unser-verein\/unser-maennerballett\/\/\"><em>mehr \u00fcber unser M\u00e4nnerballett erfahren \u00bb<\/em><\/a><\/p>\n<p>[\/et_pb_text][\/et_pb_column][et_pb_column type=&#8220;1_3&#8243; admin_label=&#8220;prinzengarde&#8220; _builder_version=&#8220;4.27.4&#8243; _module_preset=&#8220;default&#8220; global_colors_info=&#8220;{}&#8220;][et_pb_image src=&#8220;https:\/\/konfetti-badmuskau.de\/1\/wp-content\/uploads\/2015\/01\/Kirschcombo.jpg&#8220; alt=&#8220;Elferrat Bad Muskau EBM&#8220; title_text=&#8220;Kirschcombo&#8220; _builder_version=&#8220;4.27.4&#8243; _module_preset=&#8220;default&#8220; global_colors_info=&#8220;{}&#8220;][\/et_pb_image][et_pb_text _builder_version=&#8220;4.27.4&#8243; _module_preset=&#8220;default&#8220; global_colors_info=&#8220;{}&#8220;]<\/p>\n<h3 style=\"text-align: center;\">Kirsch-Combo<\/h3>\n<p style=\"text-align: right;font-size:14px;\"><a href=\"https:\/\/konfetti-badmuskau.de\/1\/unser-verein\/kirsch-combo\/\"><em>mehr \u00fcber die Kirsch-Combo erfahren \u00bb<\/em><\/a><\/p>\n<p>[\/et_pb_text][\/et_pb_column][et_pb_column type=&#8220;1_3&#8243; admin_label=&#8220;funken&#8220; _builder_version=&#8220;4.27.4&#8243; _module_preset=&#8220;default&#8220; global_colors_info=&#8220;{}&#8220;][\/et_pb_column][\/et_pb_row][\/et_pb_section]<\/p>\n","protected":false},"excerpt":{"rendered":"<p>Unser Verein<span><span><a href=\"https:\/\/konfetti-badmuskau.de\/1\/\"><span class=\"nav-icon\"><\/span><\/a><\/span><\/span>Der Bad Muskauer Karnevalsverein \u2013 eine gro\u00dfe n\u00e4rrische Familie. Jedes Jahr auf`s Neue stellen wir ein buntes Programm auf die Beine, passend zum Motto der Saison.Dies ist nur aufgrund des gro\u00dfen Zusammenhaltes innerhalb des Vereines m\u00f6glich. Der Mittelpunkt des Elferrates Bad Muskau ist der Lindenhof, der das gesamte Jahr \u00fcber als St\u00e4tte zum Proben, [&hellip;]<\/p>\n","protected":false},"author":1,"featured_media":0,"parent":0,"menu_order":1,"comment_status":"closed","ping_status":"closed","template":"","meta":{"_et_pb_use_builder":"on","_et_pb_old_content":"<h2>Der Bad Muskauer Karnevalsverein \u2013 eine gro\u00dfe n\u00e4rrische Familie.<\/h2>\r\nJedes Jahr auf`s Neue stellen wir\u00a0 ein buntes Programm auf die Beine, passend zum <a href=\"http:\/\/konfetti-badmuskau.de\/1\/chronik\/mottos\/\">Motto der Saison<\/a>.\r\nDies ist nur aufgrund des gro\u00dfen Zusammenhaltes innerhalb des Vereines m\u00f6glich.\r\nDer Mittelpunkt des Elferrates Bad Muskau ist der Lindenhof, der das gesamte Jahr \u00fcber als St\u00e4tte zum Proben, f\u00fcr Veranstaltungen und Vereinskonferenzen dient.\r\n<h4><\/h4>\r\n<h3>Vorstand:<\/h3>\r\nPr\u00e4sident:\u00a0\u00a0\u00a0\u00a0\u00a0\u00a0\u00a0\u00a0 Stefan Schmalenberg\r\nVizepr\u00e4sident:\u00a0\u00a0Ren\u00e9 Koinzer\r\nSchatzmeister:\u00a0Steffen K\u00f6nig\r\n\r\n<img class=\"aligncenter wp-image-3287 size-large\" src=\"http:\/\/konfetti-badmuskau.de\/1\/wp-content\/uploads\/2019\/03\/Vereinsfoto-1024x576.jpg\" alt=\"vereinsfoto Elferrat Bad Muskau EBM\" width=\"1024\" height=\"576\" \/>\r\n\r\n\u00a0","_et_gb_content_width":"","footnotes":""},"folder":[407],"class_list":["post-16","page","type-page","status-publish","hentry"],"_links":{"self":[{"href":"https:\/\/konfetti-badmuskau.de\/1\/wp-json\/wp\/v2\/pages\/16","targetHints":{"allow":["GET"]}}],"collection":[{"href":"https:\/\/konfetti-badmuskau.de\/1\/wp-json\/wp\/v2\/pages"}],"about":[{"href":"https:\/\/konfetti-badmuskau.de\/1\/wp-json\/wp\/v2\/types\/page"}],"author":[{"embeddable":true,"href":"https:\/\/konfetti-badmuskau.de\/1\/wp-json\/wp\/v2\/users\/1"}],"replies":[{"embeddable":true,"href":"https:\/\/konfetti-badmuskau.de\/1\/wp-json\/wp\/v2\/comments?post=16"}],"version-history":[{"count":30,"href":"https:\/\/konfetti-badmuskau.de\/1\/wp-json\/wp\/v2\/pages\/16\/revisions"}],"predecessor-version":[{"id":12598,"href":"https:\/\/konfetti-badmuskau.de\/1\/wp-json\/wp\/v2\/pages\/16\/revisions\/12598"}],"wp:attachment":[{"href":"https:\/\/konfetti-badmuskau.de\/1\/wp-json\/wp\/v2\/media?parent=16"}],"wp:term":[{"taxonomy":"folder","embeddable":true,"href":"https:\/\/konfetti-badmuskau.de\/1\/wp-json\/wp\/v2\/folder?post=16"}],"curies":[{"name":"wp","href":"https:\/\/api.w.org\/{rel}","templated":true}]}}