{"id":12690,"date":"2026-01-24T18:13:14","date_gmt":"2026-01-24T17:13:14","guid":{"rendered":"https:\/\/konfetti-badmuskau.de\/1\/?page_id=12690"},"modified":"2026-02-21T14:42:14","modified_gmt":"2026-02-21T13:42:14","slug":"69-saison-2025-2026","status":"publish","type":"page","link":"https:\/\/konfetti-badmuskau.de\/1\/bildergalerie\/69-saison-2025-2026\/","title":{"rendered":"69. Saison 2025\/2026"},"content":{"rendered":"<p>[et_pb_section fb_built=&#8220;1&#8243; next_background_color=&#8220;#ffffff&#8220; _builder_version=&#8220;4.27.4&#8243; _module_preset=&#8220;default&#8220; background_color=&#8220;#efefef&#8220; bottom_divider_style=&#8220;waves2&#8243; bottom_divider_height=&#8220;50px&#8220; global_colors_info=&#8220;{}&#8220;][et_pb_row _builder_version=&#8220;4.27.4&#8243; _module_preset=&#8220;default&#8220; global_colors_info=&#8220;{}&#8220;][et_pb_column type=&#8220;4_4&#8243; _builder_version=&#8220;4.27.4&#8243; _module_preset=&#8220;default&#8220; global_colors_info=&#8220;{}&#8220;][et_pb_text _builder_version=&#8220;4.27.4&#8243; _module_preset=&#8220;default&#8220; text_orientation=&#8220;center&#8220; global_colors_info=&#8220;{}&#8220;]<\/p>\n<h1>69. Saison 2025\/26<\/h1>\n<p>[\/et_pb_text][\/et_pb_column][\/et_pb_row][\/et_pb_section][et_pb_section fb_built=&#8220;1&#8243; module_class=&#8220;abstand-u&#8220; _builder_version=&#8220;4.27.4&#8243; global_colors_info=&#8220;{}&#8220;][et_pb_row _builder_version=&#8220;4.27.4&#8243; _module_preset=&#8220;default&#8220; global_colors_info=&#8220;{}&#8220;][et_pb_column type=&#8220;4_4&#8243; _builder_version=&#8220;4.27.4&#8243; _module_preset=&#8220;default&#8220; global_colors_info=&#8220;{}&#8220;][et_pb_code _builder_version=&#8220;4.27.4&#8243; _module_preset=&#8220;default&#8220; global_colors_info=&#8220;{}&#8220;]<span><span><a href=\"https:\/\/konfetti-badmuskau.de\/1\/\"><span class=\"nav-icon\"><\/span><\/a><\/span><\/span>[\/et_pb_code][\/et_pb_column][\/et_pb_row][et_pb_row _builder_version=&#8220;4.16&#8243; background_size=&#8220;initial&#8220; background_position=&#8220;top_left&#8220; background_repeat=&#8220;repeat&#8220; global_colors_info=&#8220;{}&#8220;][et_pb_column type=&#8220;4_4&#8243; _builder_version=&#8220;4.16&#8243; custom_padding=&#8220;|||&#8220; global_colors_info=&#8220;{}&#8220; custom_padding__hover=&#8220;|||&#8220;][et_pb_text _builder_version=&#8220;4.27.4&#8243; background_size=&#8220;initial&#8220; background_position=&#8220;top_left&#8220; background_repeat=&#8220;repeat&#8220; global_colors_info=&#8220;{}&#8220;]<\/p>\n<h2>Unser Motto:<br \/>&#8222;Museumsnacht im Narrenschloss&#8220;<\/h2>\n<p>Hier findet ihr eine Auswahl an sch\u00f6nen Bildern von unseren verr\u00fcckten und bunten Veranstaltungender 69. Bad Muskauer Karnevalssaison.<br \/>\nViel Spa\u00df beim Durchbl\u00e4ttern.<\/p>\n<p>[\/et_pb_text][et_pb_text _builder_version=&#8220;4.27.4&#8243; _module_preset=&#8220;default&#8220; global_colors_info=&#8220;{}&#8220;]<\/p>\n<p><strong>Unsere Bildergalerie der 69. Karnevalssaison haben wir in folgenden Veranstaltungen unterteilt:<\/strong><\/p>\n<ul>\n<li><a href=\"#hofball26\">Hofball &#8211; Veranstaltung &amp; Kost\u00fcme<\/a><\/li>\n<li><a href=\"#famebi26\">Fasching f\u00fcr Menschen mit Behinderung<\/a><\/li>\n<li><a href=\"#lindenstadl26\">Lindenstadl&#8216;<\/a><\/li>\n<li><a href=\"#karneval26\">Karneval &#8211; Umzug &amp; Abendveranstaltung<\/a><\/li>\n<li><a href=\"#romo26\">Rosenmontag &#8211; Kinderfasching &amp; Rosenmontagsball<\/a><\/li>\n<\/ul>\n<p>&nbsp;<\/p>\n<p>[\/et_pb_text][\/et_pb_column][\/et_pb_row][\/et_pb_section][et_pb_section fb_built=&#8220;1&#8243; module_id=&#8220;hofball26&#8243; _builder_version=&#8220;4.27.4&#8243; _module_preset=&#8220;default&#8220; global_colors_info=&#8220;{}&#8220;][et_pb_row _builder_version=&#8220;4.27.4&#8243; _module_preset=&#8220;default&#8220; global_colors_info=&#8220;{}&#8220;][et_pb_column type=&#8220;4_4&#8243; _builder_version=&#8220;4.27.4&#8243; _module_preset=&#8220;default&#8220; global_colors_info=&#8220;{}&#8220;][et_pb_text _builder_version=&#8220;4.27.4&#8243; _module_preset=&#8220;default&#8220; global_colors_info=&#8220;{}&#8220;]<\/p>\n<h2>Hofball<\/h2>\n<p>[\/et_pb_text][et_pb_text _builder_version=&#8220;4.27.4&#8243; _module_preset=&#8220;default&#8220; global_colors_info=&#8220;{}&#8220;]<\/p>\n<h3>Impressionen der Veranstaltung<\/h3>\n<p>[\/et_pb_text][el_dynamic_masonry_gallery number_of_images=&#8220;24&#8243; gallery_order_by=&#8220;name&#8220; gallery_order=&#8220;ASC&#8220; include_categories=&#8220;409&#8243; number_of_columns=&#8220;6&#8243; column_spacing=&#8220;5px&#8220; image_size=&#8220;thumbnail&#8220; enable_lightbox=&#8220;on&#8220; enable_overlay=&#8220;on&#8220; overlay_icon=&#8220;&#x54;||divi||400&#8243; show_pagination=&#8220;on&#8220; show_prev_next=&#8220;on&#8220; next_text=&#8220;Weiter&#8220; prev_text=&#8220;Zur\u00fcck&#8220; overlay_icon_color=&#8220;#A3001B&#8220; active_pagination_link_background_color=&#8220;#A3001B&#8220; number_of_columns_tablet=&#8220;4&#8243; number_of_columns_phone=&#8220;2&#8243; number_of_columns_last_edited=&#8220;on|phone&#8220; disabled_on=&#8220;off|off|off&#8220; _builder_version=&#8220;4.27.4&#8243; _module_preset=&#8220;default&#8220; global_colors_info=&#8220;{}&#8220; pagination_link_color__hover_enabled=&#8220;on|hover&#8220; pagination_link_color__hover=&#8220;#A3001B&#8220;][\/el_dynamic_masonry_gallery][et_pb_text disabled_on=&#8220;off|off|off&#8220; _builder_version=&#8220;4.27.4&#8243; _module_preset=&#8220;default&#8220; global_colors_info=&#8220;{}&#8220;]<\/p>\n<h3>Kost\u00fcme unserer G\u00e4ste<\/h3>\n<p>[\/et_pb_text][el_dynamic_masonry_gallery include_categories=&#8220;410&#8243; column_spacing=&#8220;5px&#8220; image_size=&#8220;large&#8220; enable_lightbox=&#8220;on&#8220; enable_overlay=&#8220;on&#8220; overlay_icon=&#8220;&#x54;||divi||400&#8243; overlay_icon_color=&#8220;#A3001B&#8220; disabled_on=&#8220;off|off|off&#8220; _builder_version=&#8220;4.27.4&#8243; _module_preset=&#8220;default&#8220; global_colors_info=&#8220;{}&#8220;][\/el_dynamic_masonry_gallery][\/et_pb_column][\/et_pb_row][\/et_pb_section][et_pb_section fb_built=&#8220;1&#8243; module_id=&#8220;famebi26&#8243; _builder_version=&#8220;4.27.4&#8243; _module_preset=&#8220;default&#8220; global_colors_info=&#8220;{}&#8220;][et_pb_row _builder_version=&#8220;4.27.4&#8243; _module_preset=&#8220;default&#8220; global_colors_info=&#8220;{}&#8220;][et_pb_column type=&#8220;4_4&#8243; _builder_version=&#8220;4.27.4&#8243; _module_preset=&#8220;default&#8220; global_colors_info=&#8220;{}&#8220;][et_pb_text _builder_version=&#8220;4.27.4&#8243; _module_preset=&#8220;default&#8220; global_colors_info=&#8220;{}&#8220;]<\/p>\n<h2>Fasching f\u00fcr Menschen mit Behinderung<\/h2>\n<p>[\/et_pb_text][et_pb_text _builder_version=&#8220;4.27.4&#8243; _module_preset=&#8220;default&#8220; global_colors_info=&#8220;{}&#8220;]<\/p>\n<h3>Impressionen der Veranstaltung<\/h3>\n<p>[\/et_pb_text][et_pb_text disabled_on=&#8220;on|on|on&#8220; _builder_version=&#8220;4.27.4&#8243; _module_preset=&#8220;default&#8220; disabled=&#8220;on&#8220; global_colors_info=&#8220;{}&#8220;]<\/p>\n<p>Ohje, ihr seid etwas zu fr\u00fch dran.<br \/>Die Veranstaltung ist erst am <strong>31.01.2026<\/strong>. Danach findet ihr hier Bilder der Veranstaltung zum Durchst\u00f6bern. Also schaut gern wieder vorbei.<\/p>\n<p>[\/et_pb_text][el_dynamic_masonry_gallery number_of_images=&#8220;24&#8243; gallery_order_by=&#8220;none&#8220; include_categories=&#8220;414&#8243; number_of_columns=&#8220;6&#8243; column_spacing=&#8220;5px&#8220; image_size=&#8220;thumbnail&#8220; enable_lightbox=&#8220;on&#8220; enable_overlay=&#8220;on&#8220; overlay_icon=&#8220;&#x54;||divi||400&#8243; show_pagination=&#8220;on&#8220; show_prev_next=&#8220;on&#8220; next_text=&#8220;Weiter&#8220; prev_text=&#8220;Zur\u00fcck&#8220; overlay_icon_color=&#8220;#A3001B&#8220; number_of_columns_tablet=&#8220;6&#8243; number_of_columns_phone=&#8220;2&#8243; number_of_columns_last_edited=&#8220;on|phone&#8220; disabled_on=&#8220;off|off|off&#8220; _builder_version=&#8220;4.27.4&#8243; _module_preset=&#8220;default&#8220; global_colors_info=&#8220;{}&#8220;][\/el_dynamic_masonry_gallery][\/et_pb_column][\/et_pb_row][\/et_pb_section][et_pb_section fb_built=&#8220;1&#8243; module_id=&#8220;lindenstadl26&#8243; module_class=&#8220;abstand&#8220; _builder_version=&#8220;4.27.4&#8243; _module_preset=&#8220;default&#8220; global_colors_info=&#8220;{}&#8220;][et_pb_row _builder_version=&#8220;4.27.4&#8243; _module_preset=&#8220;default&#8220; global_colors_info=&#8220;{}&#8220;][et_pb_column type=&#8220;4_4&#8243; _builder_version=&#8220;4.27.4&#8243; _module_preset=&#8220;default&#8220; global_colors_info=&#8220;{}&#8220;][et_pb_text _builder_version=&#8220;4.27.4&#8243; _module_preset=&#8220;default&#8220; global_colors_info=&#8220;{}&#8220;]<\/p>\n<h2>Lindenstad&#8217;l<\/h2>\n<p>[\/et_pb_text][et_pb_text _builder_version=&#8220;4.27.4&#8243; _module_preset=&#8220;default&#8220; global_colors_info=&#8220;{}&#8220;]<\/p>\n<h3>Impressionen der Veranstaltung<\/h3>\n<p>[\/et_pb_text][et_pb_text disabled_on=&#8220;on|on|on&#8220; _builder_version=&#8220;4.27.4&#8243; _module_preset=&#8220;default&#8220; disabled=&#8220;on&#8220; global_colors_info=&#8220;{}&#8220;]<\/p>\n<p>Wir arbeiten auf Hochtouren an der Bearbeitung der Bilder &#8211; bald findet ihr hier alle Bilder der Veranstaltung zum Durchst\u00f6bern. Also schaut gern wieder vorbei.<\/p>\n<p>[\/et_pb_text][el_dynamic_masonry_gallery number_of_images=&#8220;24&#8243; gallery_order_by=&#8220;none&#8220; include_categories=&#8220;421&#8243; number_of_columns=&#8220;6&#8243; column_spacing=&#8220;5px&#8220; image_size=&#8220;thumbnail&#8220; enable_lightbox=&#8220;on&#8220; enable_overlay=&#8220;on&#8220; overlay_icon=&#8220;&#x54;||divi||400&#8243; show_pagination=&#8220;on&#8220; show_prev_next=&#8220;on&#8220; next_text=&#8220;Weiter&#8220; prev_text=&#8220;Zur\u00fcck&#8220; overlay_icon_color=&#8220;#A3001B&#8220; number_of_columns_tablet=&#8220;6&#8243; number_of_columns_phone=&#8220;2&#8243; number_of_columns_last_edited=&#8220;on|phone&#8220; disabled_on=&#8220;off|off|off&#8220; _builder_version=&#8220;4.27.4&#8243; _module_preset=&#8220;default&#8220; global_colors_info=&#8220;{}&#8220;][\/el_dynamic_masonry_gallery][\/et_pb_column][\/et_pb_row][\/et_pb_section][et_pb_section fb_built=&#8220;1&#8243; module_id=&#8220;karneval26&#8243; _builder_version=&#8220;4.27.4&#8243; _module_preset=&#8220;default&#8220; global_colors_info=&#8220;{}&#8220;][et_pb_row _builder_version=&#8220;4.27.4&#8243; _module_preset=&#8220;default&#8220; global_colors_info=&#8220;{}&#8220;][et_pb_column type=&#8220;4_4&#8243; _builder_version=&#8220;4.27.4&#8243; _module_preset=&#8220;default&#8220; global_colors_info=&#8220;{}&#8220;][et_pb_text _builder_version=&#8220;4.27.4&#8243; _module_preset=&#8220;default&#8220; global_colors_info=&#8220;{}&#8220;]<\/p>\n<h2>Karneval &#8211; Umzug &amp; Abendveranstaltung<\/h2>\n<p>[\/et_pb_text][et_pb_text _builder_version=&#8220;4.27.4&#8243; _module_preset=&#8220;default&#8220; global_colors_info=&#8220;{}&#8220;]<\/p>\n<h3>Impressionen des Bad Muskauer Karnevalsumzuges<\/h3>\n<p>[\/et_pb_text][el_dynamic_masonry_gallery number_of_images=&#8220;24&#8243; gallery_order_by=&#8220;none&#8220; include_categories=&#8220;422&#8243; number_of_columns=&#8220;6&#8243; column_spacing=&#8220;5px&#8220; image_size=&#8220;thumbnail&#8220; enable_lightbox=&#8220;on&#8220; enable_overlay=&#8220;on&#8220; overlay_icon=&#8220;&#x54;||divi||400&#8243; show_pagination=&#8220;on&#8220; show_prev_next=&#8220;on&#8220; next_text=&#8220;Weiter&#8220; prev_text=&#8220;Zur\u00fcck&#8220; overlay_icon_color=&#8220;#A3001B&#8220; number_of_columns_tablet=&#8220;6&#8243; number_of_columns_phone=&#8220;2&#8243; number_of_columns_last_edited=&#8220;on|desktop&#8220; disabled_on=&#8220;off|off|off&#8220; _builder_version=&#8220;4.27.4&#8243; _module_preset=&#8220;default&#8220; global_colors_info=&#8220;{}&#8220;][\/el_dynamic_masonry_gallery][et_pb_text _builder_version=&#8220;4.27.4&#8243; _module_preset=&#8220;default&#8220; global_colors_info=&#8220;{}&#8220;]<\/p>\n<h3>Impressionen der Abendveranstaltung<\/h3>\n<p>[\/et_pb_text][el_dynamic_masonry_gallery number_of_images=&#8220;24&#8243; gallery_order_by=&#8220;none&#8220; include_categories=&#8220;423&#8243; number_of_columns=&#8220;6&#8243; column_spacing=&#8220;5px&#8220; image_size=&#8220;thumbnail&#8220; enable_lightbox=&#8220;on&#8220; enable_overlay=&#8220;on&#8220; overlay_icon=&#8220;&#x54;||divi||400&#8243; show_pagination=&#8220;on&#8220; show_prev_next=&#8220;on&#8220; next_text=&#8220;Weiter&#8220; prev_text=&#8220;Zur\u00fcck&#8220; overlay_icon_color=&#8220;#A3001B&#8220; number_of_columns_tablet=&#8220;6&#8243; number_of_columns_phone=&#8220;2&#8243; number_of_columns_last_edited=&#8220;on|phone&#8220; disabled_on=&#8220;off|off|off&#8220; _builder_version=&#8220;4.27.4&#8243; _module_preset=&#8220;default&#8220; global_colors_info=&#8220;{}&#8220;][\/el_dynamic_masonry_gallery][\/et_pb_column][\/et_pb_row][\/et_pb_section][et_pb_section fb_built=&#8220;1&#8243; disabled_on=&#8220;off|off|off&#8220; module_id=&#8220;romo26&#8243; module_class=&#8220;abstand&#8220; _builder_version=&#8220;4.27.4&#8243; _module_preset=&#8220;default&#8220; global_colors_info=&#8220;{}&#8220;][et_pb_row _builder_version=&#8220;4.27.4&#8243; _module_preset=&#8220;default&#8220; global_colors_info=&#8220;{}&#8220;][et_pb_column type=&#8220;4_4&#8243; _builder_version=&#8220;4.27.4&#8243; _module_preset=&#8220;default&#8220; global_colors_info=&#8220;{}&#8220;][et_pb_text _builder_version=&#8220;4.27.4&#8243; _module_preset=&#8220;default&#8220; global_colors_info=&#8220;{}&#8220;]<\/p>\n<h2>Auf zum gro\u00dfen Finale &#8211; Kinderfasching &amp; Rosenmontagsball<\/h2>\n<p>[\/et_pb_text][et_pb_text _builder_version=&#8220;4.27.4&#8243; _module_preset=&#8220;default&#8220; global_colors_info=&#8220;{}&#8220;]<\/p>\n<h3>Impressionen vom Kinderfasching<\/h3>\n<p>[\/et_pb_text][el_dynamic_masonry_gallery number_of_images=&#8220;24&#8243; gallery_order_by=&#8220;none&#8220; include_categories=&#8220;424&#8243; number_of_columns=&#8220;6&#8243; column_spacing=&#8220;5px&#8220; image_size=&#8220;thumbnail&#8220; enable_lightbox=&#8220;on&#8220; enable_overlay=&#8220;on&#8220; overlay_icon=&#8220;&#x54;||divi||400&#8243; show_pagination=&#8220;on&#8220; show_prev_next=&#8220;on&#8220; next_text=&#8220;Weiter&#8220; prev_text=&#8220;Zur\u00fcck&#8220; overlay_icon_color=&#8220;#A3001B&#8220; number_of_columns_tablet=&#8220;6&#8243; number_of_columns_phone=&#8220;2&#8243; number_of_columns_last_edited=&#8220;on|desktop&#8220; disabled_on=&#8220;off|off|off&#8220; _builder_version=&#8220;4.27.4&#8243; _module_preset=&#8220;default&#8220; global_colors_info=&#8220;{}&#8220;][\/el_dynamic_masonry_gallery][et_pb_text _builder_version=&#8220;4.27.4&#8243; _module_preset=&#8220;default&#8220; global_colors_info=&#8220;{}&#8220;]<\/p>\n<h3>Impressionen vom Rosenmontagsball<\/h3>\n<p>[\/et_pb_text][el_dynamic_masonry_gallery number_of_images=&#8220;24&#8243; gallery_order_by=&#8220;none&#8220; include_categories=&#8220;425&#8243; number_of_columns=&#8220;6&#8243; column_spacing=&#8220;5px&#8220; image_size=&#8220;thumbnail&#8220; enable_lightbox=&#8220;on&#8220; enable_overlay=&#8220;on&#8220; overlay_icon=&#8220;&#x54;||divi||400&#8243; show_pagination=&#8220;on&#8220; show_prev_next=&#8220;on&#8220; next_text=&#8220;Weiter&#8220; prev_text=&#8220;Zur\u00fcck&#8220; overlay_icon_color=&#8220;#A3001B&#8220; number_of_columns_tablet=&#8220;6&#8243; number_of_columns_phone=&#8220;2&#8243; number_of_columns_last_edited=&#8220;on|phone&#8220; disabled_on=&#8220;off|off|off&#8220; _builder_version=&#8220;4.27.4&#8243; _module_preset=&#8220;default&#8220; hover_enabled=&#8220;0&#8243; global_colors_info=&#8220;{}&#8220; sticky_enabled=&#8220;0&#8243;][\/el_dynamic_masonry_gallery][\/et_pb_column][\/et_pb_row][\/et_pb_section]<\/p>\n","protected":false},"excerpt":{"rendered":"<p>69. Saison 2025\/26<span><span><a href=\"https:\/\/konfetti-badmuskau.de\/1\/\"><span class=\"nav-icon\"><\/span><\/a><\/span><\/span>Unser Motto:&#8220;Museumsnacht im Narrenschloss&#8220; Hier findet ihr eine Auswahl an sch\u00f6nen Bildern von unseren verr\u00fcckten und bunten Veranstaltungender 69. Bad Muskauer Karnevalssaison. Viel Spa\u00df beim Durchbl\u00e4ttern.Unsere Bildergalerie der 69. Karnevalssaison haben wir in folgenden Veranstaltungen unterteilt: Hofball &#8211; Veranstaltung &amp; Kost\u00fcme Fasching f\u00fcr Menschen mit Behinderung Lindenstadl&#8216; Karneval &#8211; Umzug &amp; Abendveranstaltung Rosenmontag [&hellip;]<\/p>\n","protected":false},"author":1,"featured_media":0,"parent":2510,"menu_order":0,"comment_status":"closed","ping_status":"closed","template":"","meta":{"_et_pb_use_builder":"on","_et_pb_old_content":"","_et_gb_content_width":"","footnotes":""},"folder":[408],"class_list":["post-12690","page","type-page","status-publish","hentry"],"_links":{"self":[{"href":"https:\/\/konfetti-badmuskau.de\/1\/wp-json\/wp\/v2\/pages\/12690","targetHints":{"allow":["GET"]}}],"collection":[{"href":"https:\/\/konfetti-badmuskau.de\/1\/wp-json\/wp\/v2\/pages"}],"about":[{"href":"https:\/\/konfetti-badmuskau.de\/1\/wp-json\/wp\/v2\/types\/page"}],"author":[{"embeddable":true,"href":"https:\/\/konfetti-badmuskau.de\/1\/wp-json\/wp\/v2\/users\/1"}],"replies":[{"embeddable":true,"href":"https:\/\/konfetti-badmuskau.de\/1\/wp-json\/wp\/v2\/comments?post=12690"}],"version-history":[{"count":23,"href":"https:\/\/konfetti-badmuskau.de\/1\/wp-json\/wp\/v2\/pages\/12690\/revisions"}],"predecessor-version":[{"id":14257,"href":"https:\/\/konfetti-badmuskau.de\/1\/wp-json\/wp\/v2\/pages\/12690\/revisions\/14257"}],"up":[{"embeddable":true,"href":"https:\/\/konfetti-badmuskau.de\/1\/wp-json\/wp\/v2\/pages\/2510"}],"wp:attachment":[{"href":"https:\/\/konfetti-badmuskau.de\/1\/wp-json\/wp\/v2\/media?parent=12690"}],"wp:term":[{"taxonomy":"folder","embeddable":true,"href":"https:\/\/konfetti-badmuskau.de\/1\/wp-json\/wp\/v2\/folder?post=12690"}],"curies":[{"name":"wp","href":"https:\/\/api.w.org\/{rel}","templated":true}]}}